{"id":10415,"date":"2025-04-24T09:00:55","date_gmt":"2025-04-24T09:00:55","guid":{"rendered":"https:\/\/ihtis.braim.rs\/?post_type=product&#038;p=10415"},"modified":"2025-06-22T12:15:01","modified_gmt":"2025-06-22T12:15:01","slug":"saint-king-stefan-decanski-triptych","status":"publish","type":"product","link":"https:\/\/ihtis.braim.rs\/en\/product\/saint-king-stefan-decanski-triptych\/","title":{"rendered":"SAINT KING STEFAN DE\u010cANSKI"},"content":{"rendered":"<p>Saint King Stefan De\u010danski, a great prayer warrior, is the son of the great King Milutin and the father of Emperor Du\u0161an. Due to slander, he was blinded, but through great faith and prayer, the Lord restored his sight through His servant, Saint Nicholas. His endowment, the Visoki De\u010dani Monastery, remains one of the most beautiful gems of Serbian architecture and fresco painting, preserving the incorrupt relics of the holy Serbian King. The great martyr Saint King Stefan De\u010danski, through his intercession before the Lord, has repeatedly protected his great endowment, the Visoki De\u010dani Monastery, which he built as a testament to the faith and glory of God.<br \/>\nA triptych is a work of art composed of three connected parts, most often painted or carved, which together form a single whole. In Christian art, especially in the Middle Ages, the triptych was used as an altarpiece or part of an iconostasis.<br \/>\nThe central part is usually the largest and depicts the main scene\u2014most often Jesus Christ, the Holy Theotokos (Mother of God), or saints of our Church.<br \/>\nThe side panels are foldable and typically feature saints, angels, or the Lord and the Theotokos.<br \/>\nIt is practical for transport, which made it popular in the Middle Ages among traveling believers and priests.<br \/>\nOur triptych is made from the finest pieces of ash wood, using icon-painting craftsmanship inspired by Byzantine and medieval originals.<br \/>\nIt is produced by metal casting and careful hand-finishing, enriched with 24-karat gold and 925 silver.<br \/>\nIt is painted with epoxy resins and decorated with zircons.<br \/>\nIf you wish to give your triptych as a gift, you can also choose a ceremonial gift box.<br \/>The dimensions of the triptych are: 220x255x32 mm.   <\/p>\n","protected":false},"excerpt":{"rendered":"<p>Saint King Stefan De\u010danski, a great prayer warrior, is the son of the great King Milutin and the father of Emperor Du\u0161an. Due to slander, he was blinded, but through<\/p>\n","protected":false},"featured_media":10420,"template":"","meta":{"om_disable_all_campaigns":false},"product_brand":[],"product_cat":[296,394],"product_tag":[],"class_list":{"0":"post-10415","1":"product","2":"type-product","3":"status-publish","4":"has-post-thumbnail","6":"product_cat-saint-king-stefan-decanski","7":"product_cat-triptychs","9":"first","10":"instock","11":"taxable","12":"shipping-taxable","13":"purchasable","14":"product-type-simple"},"jetpack_sharing_enabled":true,"_links":{"self":[{"href":"https:\/\/ihtis.braim.rs\/en\/wp-json\/wp\/v2\/product\/10415","targetHints":{"allow":["GET"]}}],"collection":[{"href":"https:\/\/ihtis.braim.rs\/en\/wp-json\/wp\/v2\/product"}],"about":[{"href":"https:\/\/ihtis.braim.rs\/en\/wp-json\/wp\/v2\/types\/product"}],"wp:featuredmedia":[{"embeddable":true,"href":"https:\/\/ihtis.braim.rs\/en\/wp-json\/wp\/v2\/media\/10420"}],"wp:attachment":[{"href":"https:\/\/ihtis.braim.rs\/en\/wp-json\/wp\/v2\/media?parent=10415"}],"wp:term":[{"taxonomy":"product_brand","embeddable":true,"href":"https:\/\/ihtis.braim.rs\/en\/wp-json\/wp\/v2\/product_brand?post=10415"},{"taxonomy":"product_cat","embeddable":true,"href":"https:\/\/ihtis.braim.rs\/en\/wp-json\/wp\/v2\/product_cat?post=10415"},{"taxonomy":"product_tag","embeddable":true,"href":"https:\/\/ihtis.braim.rs\/en\/wp-json\/wp\/v2\/product_tag?post=10415"}],"curies":[{"name":"wp","href":"https:\/\/api.w.org\/{rel}","templated":true}]}}