{"id":2214,"date":"2025-04-14T09:22:55","date_gmt":"2025-04-14T09:22:55","guid":{"rendered":"https:\/\/ihtis.braim.rs\/product\/saint-george-the-great-martyr-3\/"},"modified":"2025-06-21T08:38:41","modified_gmt":"2025-06-21T08:38:41","slug":"saint-george-the-great-martyr-rounded","status":"publish","type":"product","link":"https:\/\/ihtis.braim.rs\/en\/product\/saint-george-the-great-martyr-rounded\/","title":{"rendered":"SAINT GEORGE THE GREAT MARTYR"},"content":{"rendered":"<p>Saint George, born in Asia Minor, is one of the most beloved saints in Orthodoxy. Among the Serbs, there are two feast days dedicated to Saint George: \u0110ur\u0111evdan (St. George&#8217;s Day) and \u0110ur\u0111ic. In Russia, Saint George is depicted on the national coat of arms, as well as in Georgia. Saint George boldly confessed Christ before the Emperor Diocletian, and after enduring severe torture, he gave up his soul to Christ in 303 AD.  <\/p>\n","protected":false},"excerpt":{"rendered":"<p>Saint George, born in Asia Minor, is one of the most beloved saints in Orthodoxy. Among the Serbs, there are two feast days dedicated to Saint George: \u0110ur\u0111evdan (St. George&#8217;s<\/p>\n","protected":false},"featured_media":15731,"template":"","meta":{"om_disable_all_campaigns":false},"product_brand":[],"product_cat":[266,284],"product_tag":[],"class_list":{"0":"post-2214","1":"product","2":"type-product","3":"status-publish","4":"has-post-thumbnail","6":"product_cat-icons","7":"product_cat-st-george-the-great-martyr-en","9":"first","10":"instock","11":"taxable","12":"shipping-taxable","13":"purchasable","14":"product-type-variable","15":"has-default-attributes"},"jetpack_sharing_enabled":true,"_links":{"self":[{"href":"https:\/\/ihtis.braim.rs\/en\/wp-json\/wp\/v2\/product\/2214","targetHints":{"allow":["GET"]}}],"collection":[{"href":"https:\/\/ihtis.braim.rs\/en\/wp-json\/wp\/v2\/product"}],"about":[{"href":"https:\/\/ihtis.braim.rs\/en\/wp-json\/wp\/v2\/types\/product"}],"wp:featuredmedia":[{"embeddable":true,"href":"https:\/\/ihtis.braim.rs\/en\/wp-json\/wp\/v2\/media\/15731"}],"wp:attachment":[{"href":"https:\/\/ihtis.braim.rs\/en\/wp-json\/wp\/v2\/media?parent=2214"}],"wp:term":[{"taxonomy":"product_brand","embeddable":true,"href":"https:\/\/ihtis.braim.rs\/en\/wp-json\/wp\/v2\/product_brand?post=2214"},{"taxonomy":"product_cat","embeddable":true,"href":"https:\/\/ihtis.braim.rs\/en\/wp-json\/wp\/v2\/product_cat?post=2214"},{"taxonomy":"product_tag","embeddable":true,"href":"https:\/\/ihtis.braim.rs\/en\/wp-json\/wp\/v2\/product_tag?post=2214"}],"curies":[{"name":"wp","href":"https:\/\/api.w.org\/{rel}","templated":true}]}}