{"id":2909,"date":"2025-04-15T10:22:47","date_gmt":"2025-04-15T10:22:47","guid":{"rendered":"https:\/\/ihtis.braim.rs\/?post_type=product&#038;p=2909"},"modified":"2025-06-21T12:40:55","modified_gmt":"2025-06-21T12:40:55","slug":"saint-king-stefan-decanski-golden","status":"publish","type":"product","link":"https:\/\/ihtis.braim.rs\/en\/product\/saint-king-stefan-decanski-golden\/","title":{"rendered":"SAINT KING STEFAN DE\u010cANSKI"},"content":{"rendered":"<p>Saint King Stefan De\u010danski, a great prayer warrior, is the son of the great King Milutin and the father of Emperor Du\u0161an. Due to slander, he was blinded, but through great faith and prayer, the Lord restored his sight through His servant, Saint Nicholas. His endowment, the Visoki De\u010dani Monastery, remains one of the most beautiful gems of Serbian architecture and fresco painting, preserving the incorrupt relics of the holy Serbian King. The great martyr Saint King Stefan De\u010danski, through his intercession before the Lord, has repeatedly protected his great endowment, the Visoki De\u010dani Monastery, which he built as a testament to the faith and glory of God.<\/p>\n","protected":false},"excerpt":{"rendered":"<p>Saint King Stefan De\u010danski, a great prayer warrior, is the son of the great King Milutin and the father of Emperor Du\u0161an. Due to slander, he was blinded, but through<\/p>\n","protected":false},"featured_media":15165,"template":"","meta":{"om_disable_all_campaigns":false},"product_brand":[],"product_cat":[266,296],"product_tag":[],"class_list":{"0":"post-2909","1":"product","2":"type-product","3":"status-publish","4":"has-post-thumbnail","6":"product_cat-icons","7":"product_cat-saint-king-stefan-decanski","9":"first","10":"instock","11":"taxable","12":"shipping-taxable","13":"purchasable","14":"product-type-variable","15":"has-default-attributes"},"jetpack_sharing_enabled":true,"_links":{"self":[{"href":"https:\/\/ihtis.braim.rs\/en\/wp-json\/wp\/v2\/product\/2909","targetHints":{"allow":["GET"]}}],"collection":[{"href":"https:\/\/ihtis.braim.rs\/en\/wp-json\/wp\/v2\/product"}],"about":[{"href":"https:\/\/ihtis.braim.rs\/en\/wp-json\/wp\/v2\/types\/product"}],"wp:featuredmedia":[{"embeddable":true,"href":"https:\/\/ihtis.braim.rs\/en\/wp-json\/wp\/v2\/media\/15165"}],"wp:attachment":[{"href":"https:\/\/ihtis.braim.rs\/en\/wp-json\/wp\/v2\/media?parent=2909"}],"wp:term":[{"taxonomy":"product_brand","embeddable":true,"href":"https:\/\/ihtis.braim.rs\/en\/wp-json\/wp\/v2\/product_brand?post=2909"},{"taxonomy":"product_cat","embeddable":true,"href":"https:\/\/ihtis.braim.rs\/en\/wp-json\/wp\/v2\/product_cat?post=2909"},{"taxonomy":"product_tag","embeddable":true,"href":"https:\/\/ihtis.braim.rs\/en\/wp-json\/wp\/v2\/product_tag?post=2909"}],"curies":[{"name":"wp","href":"https:\/\/api.w.org\/{rel}","templated":true}]}}