{"id":4380,"date":"2025-04-19T18:59:25","date_gmt":"2025-04-19T18:59:25","guid":{"rendered":"https:\/\/ihtis.braim.rs\/product\/saint-zosim-of-tumane-3\/"},"modified":"2025-06-21T14:37:55","modified_gmt":"2025-06-21T14:37:55","slug":"zosim-of-tumane","status":"publish","type":"product","link":"https:\/\/ihtis.braim.rs\/en\/product\/zosim-of-tumane\/","title":{"rendered":"SAINT ZOSIMUS OF TUMAN"},"content":{"rendered":"<p>Saint Zosimas of Tuman was one of several hesychasts, holy monks from Sinai who shone in our Church during the time of Prince Lazarus and Despot Stefan, greatly contributing to the preservation of the Orthodox faith, especially in the Brani\u010devo region. Not far from the monastery, in the cave of Kameni\u010da, this hermit struggled in prayer, and according to popular tradition, Milo\u0161 Obili\u0107 accidentally wounded the monk during a hunt. Later, he began to build a church above his grave, which he could not complete due to his death in the Battle of Kosovo. A monastery, Tuman, grew in that place.   <\/p>\n","protected":false},"excerpt":{"rendered":"<p>Saint Zosimas of Tuman was one of several hesychasts, holy monks from Sinai who shone in our Church during the time of Prince Lazarus and Despot Stefan, greatly contributing to<\/p>\n","protected":false},"featured_media":15791,"template":"","meta":{"om_disable_all_campaigns":false},"product_brand":[],"product_cat":[229,266],"product_tag":[],"class_list":{"0":"post-4380","1":"product","2":"type-product","3":"status-publish","4":"has-post-thumbnail","6":"product_cat-saint-zosim-of-tumane","7":"product_cat-icons","9":"first","10":"instock","11":"taxable","12":"shipping-taxable","13":"purchasable","14":"product-type-variable"},"jetpack_sharing_enabled":true,"_links":{"self":[{"href":"https:\/\/ihtis.braim.rs\/en\/wp-json\/wp\/v2\/product\/4380","targetHints":{"allow":["GET"]}}],"collection":[{"href":"https:\/\/ihtis.braim.rs\/en\/wp-json\/wp\/v2\/product"}],"about":[{"href":"https:\/\/ihtis.braim.rs\/en\/wp-json\/wp\/v2\/types\/product"}],"wp:featuredmedia":[{"embeddable":true,"href":"https:\/\/ihtis.braim.rs\/en\/wp-json\/wp\/v2\/media\/15791"}],"wp:attachment":[{"href":"https:\/\/ihtis.braim.rs\/en\/wp-json\/wp\/v2\/media?parent=4380"}],"wp:term":[{"taxonomy":"product_brand","embeddable":true,"href":"https:\/\/ihtis.braim.rs\/en\/wp-json\/wp\/v2\/product_brand?post=4380"},{"taxonomy":"product_cat","embeddable":true,"href":"https:\/\/ihtis.braim.rs\/en\/wp-json\/wp\/v2\/product_cat?post=4380"},{"taxonomy":"product_tag","embeddable":true,"href":"https:\/\/ihtis.braim.rs\/en\/wp-json\/wp\/v2\/product_tag?post=4380"}],"curies":[{"name":"wp","href":"https:\/\/api.w.org\/{rel}","templated":true}]}}